{"id":14530,"date":"2013-05-14T20:52:39","date_gmt":"2013-05-14T21:52:39","guid":{"rendered":"http:\/\/www.clubotaku.org\/niji\/?page_id=14530"},"modified":"2014-02-25T20:52:45","modified_gmt":"2014-02-25T21:52:45","slug":"guia-de-sobrevivencia","status":"publish","type":"page","link":"https:\/\/www.clubotaku.org\/niji\/guia-de-sobrevivencia\/","title":{"rendered":"Jap\u00e3o &#8211; Guia de Sobreviv\u00eancia"},"content":{"rendered":"<p style=\"text-align: justify;\"><a href=\"http:\/\/www.clubotaku.org\/niji\/guia-de-sobrevivencia-japa\/attachment\/jp_survival_guide_header\/\" rel=\"attachment wp-att-14533\"><img loading=\"lazy\" decoding=\"async\" class=\"aligncenter size-full wp-image-14533\" alt=\"jp_survival_guide_header\" src=\"http:\/\/www.clubotaku.org\/nijiwp\/wp-content\/uploads\/jp_survival_guide_header.png\" width=\"640\" height=\"290\" srcset=\"https:\/\/www.clubotaku.org\/nijiwp\/wp-content\/uploads\/jp_survival_guide_header.png 640w, https:\/\/www.clubotaku.org\/nijiwp\/wp-content\/uploads\/jp_survival_guide_header-300x135.png 300w\" sizes=\"(max-width: 640px) 100vw, 640px\" \/><\/a>\u201cEst\u00e1 decidido: vou ao Jap\u00e3o.\u201d Seja por um est\u00e1gio, um semestre na universidade ou uma viagem\u00a0de turismo mais prolongada, ir ao Jap\u00e3o \u00e9 uma coisa que precisa de ser planeada com anteced\u00eancia.<\/p>\n<p style=\"text-align: justify;\">Nestes preparativos \u00e9 importante ter em conta diversos aspectos do destino, como vamos \u00e0quele\u00a0s\u00edtio ou como tirar o melhor partido de uma determinada experi\u00eancia. O Jap\u00e3o n\u00e3o \u00e9 um pa\u00eds que\u00a0uma pessoa possa visitar fora de ag\u00eancia de viagens sem investir numa etapa de \u201caprendizagem\u201d.<\/p>\n<p style=\"text-align: justify;\">Coisas que nos s\u00e3o t\u00e3o corriqueiras como usar os transportes p\u00fablicos, escolher onde almo\u00e7ar,\u00a0movimentarmo-nos no espa\u00e7o ou interagir com as pessoas e produtos numa loja s\u00e3o completamente\u00a0diferentes em rela\u00e7\u00e3o a Portugal.<\/p>\n<p style=\"text-align: justify;\">Por ter estado no Jap\u00e3o por duas vezes, e nenhuma delas na forma de turismo de ag\u00eancia de viagens,\u00a0gostaria de partilhar algumas coisas convosco. A minha estadia mais recente foi de tr\u00eas meses, de\u00a0meados de Agosto de 2012 a meados de Novembro, e para a planear detalhadamente demorei muitos\u00a0mais. Espero que o que descrevo vos ajude a imaginar como seria estarem no Jap\u00e3o e que vos poupe\u00a0algum do trabalho que \u00e9 preciso fazer para estes preparativos.<\/p>\n<p style=\"text-align: left; font-size: 23px; padding-left: 30px;\"><strong>Ind\u00edce<\/strong><\/p>\n<p style=\"text-align: left; font-size: 18px; padding-left: 30px;\"><strong>Antes de viajar<\/strong><\/p>\n<ul>\n<li><strong>Parte 01<\/strong> &#8211; <a title=\"[Guia] : 4 mitos sobre o japon\u00eas\" href=\"http:\/\/www.clubotaku.org\/niji\/socie\/guia-4-mitos-sobre-o-japones\/\">4 mitos sobre o japon\u00eas<\/a><\/li>\n<li><strong>Parte 02<\/strong> &#8211; <a title=\"[Guia] : Cart\u00f5es de Visita\" href=\"http:\/\/www.clubotaku.org\/niji\/socie\/cartaovisita-2\/\">Cart\u00f5es de Visita<\/a><\/li>\n<li><strong>Parte 03<\/strong> &#8211; <a title=\"[Guia] : Linguagem corporal e comunica\u00e7\u00e3o\" href=\"http:\/\/www.clubotaku.org\/niji\/socie\/guia-linguagem-corporal-e-comunicacao\/\">Linguagem corporal e comunica\u00e7\u00e3o<\/a><\/li>\n<\/ul>\n<p style=\"text-align: left; font-size: 18px; padding-left: 30px;\"><strong>No Jap\u00e3o<\/strong><\/p>\n<ul>\n<li><strong>Parte 01<\/strong> &#8211; <a title=\"[Guia] : A Sa\u00fade no Jap\u00e3o\" href=\"http:\/\/www.clubotaku.org\/niji\/socie\/guia-a-saude-no-japao\/\">A Sa\u00fade no Jap\u00e3o<\/a><\/li>\n<li><strong>Parte 02<\/strong> &#8211; <a title=\"[Guia] : Viajar de Comboio\" href=\"http:\/\/www.clubotaku.org\/niji\/socie\/guia-viajar-de-comboio\/\">Viajar de Comboio<\/a><\/li>\n<li><strong>Parte 03<\/strong> &#8211; <a title=\"[Guia] : Onde comer?\" href=\"http:\/\/www.clubotaku.org\/niji\/socie\/guia-onde-comer\/\">Onde comer?<\/a><\/li>\n<li><strong>Parte 04<\/strong> &#8211; <a title=\"[Guia] : Viajar de Autocarro\" href=\"http:\/\/www.clubotaku.org\/niji\/socie\/guia-viajar-de-autocarro\/\">Viajar de Autocarro<\/a><\/li>\n<li><strong>Parte 05<\/strong> &#8211; <a title=\"[Guia] : Onsen\" href=\"http:\/\/www.clubotaku.org\/niji\/socie\/guia-onsen\/\">Onsen<\/a><\/li>\n<li><strong>Parte 06<\/strong> &#8211; <a title=\"[Guia] : Roupa e cal\u00e7ado\" href=\"http:\/\/www.clubotaku.org\/niji\/socie\/guia-roupa-e-calcado\/\">Roupa e cal\u00e7ado<\/a><\/li>\n<li><strong>Parte 07<\/strong> &#8211; <a title=\"[Guia] : Uniformes\" href=\"http:\/\/www.clubotaku.org\/niji\/socie\/guia-uniformes\/\">Uniformes<\/a><\/li>\n<li><strong>Parte 08<\/strong> &#8211; <a title=\"[Guia] : Sentar-se em estilo japon\u00eas\" href=\"http:\/\/www.clubotaku.org\/niji\/socie\/guia-sentar-se-em-estilo-japones\/\">Sentar-se em estilo japon\u00eas<\/a><\/li>\n<li><strong>Parte 09<\/strong> &#8211; <a title=\"[Guia] : Levantar dinheiro e enviar encomendas\" href=\"http:\/\/www.clubotaku.org\/niji\/socie\/guia-levantar-dinheiro-e-encomendas\/\">Levantar dinheiro e enviar encomendas<\/a><\/li>\n<li><strong>Parte 10<\/strong> &#8211; <a title=\"[Guia] : O uso correcto dos pauzinhos - Hashi\" href=\"http:\/\/www.clubotaku.org\/niji\/cultu\/guia-o-uso-correcto-dos-pauzinhos-hashi\/\">O uso correcto dos pauzinhos &#8211; Hashi<\/a><\/li>\n<li><strong>Parte 11<\/strong> &#8211; <a title=\"[Guia] : Home Stay, Hot\u00e9is, Resid\u00eancias e Aluguer de casa\" href=\"http:\/\/www.clubotaku.org\/niji\/socie\/guia-home-stay-hoteis-residencias-e-aluguer-de-casa\/\">Home Stay, Hot\u00e9is, Resid\u00eancias e Aluguer de casa<\/a><\/li>\n<li><strong>Parte 12<\/strong> &#8211; <a title=\"[Guia] : Viagem a T\u00f3quio (Parte I)\" href=\"http:\/\/www.clubotaku.org\/niji\/socie\/guia-viagem-a-toquio-parte-i\/\">Viagem a T\u00f3quio (Parte I)<\/a><\/li>\n<li><strong>Parte 13<\/strong> &#8211; <a title=\"[Guia] : Viagem a T\u00f3quio (Parte II)\" href=\"http:\/\/www.clubotaku.org\/niji\/socie\/guia-viagem-a-toquio-parte-ii\/\">Viagem a T\u00f3quio (Parte II)<\/a><\/li>\n<li><strong>Parte 14<\/strong> &#8211; <a title=\"[Guia] : Viagem a Quioto (Parte I)\" href=\"http:\/\/www.clubotaku.org\/niji\/sem-categoria\/guia-viagem-a-quioto-parte-i\/\">Viagem a Quioto (Parte I)<\/a><\/li>\n<li><strong>Parte 15<\/strong> &#8211; <a title=\"[Guia] : Viagem a Quioto (Parte II)\" href=\"http:\/\/www.clubotaku.org\/niji\/sem-categoria\/guia-viagem-a-quioto-parte-ii\/\">Viagem a Quioto (Parte II)<\/a><\/li>\n<\/ul>\n<p style=\"text-align: left; font-size: 18px; padding-left: 30px;\"><strong>Depois da viagem<\/strong><\/p>\n<ul>\n<li><strong>Parte 01<\/strong> &#8211; <a title=\"[Guia] : Sayonara\" href=\"http:\/\/www.clubotaku.org\/niji\/socie\/guia-sayonara\/\">Sayonara<\/a><\/li>\n<\/ul>\n","protected":false},"excerpt":{"rendered":"<p>\u201cEst\u00e1 decidido: vou ao Jap\u00e3o.\u201d Seja por um est\u00e1gio, um semestre na universidade ou uma viagem\u00a0de turismo mais prolongada, ir ao Jap\u00e3o \u00e9 uma coisa que precisa de ser planeada&nbsp;[ &hellip; ]<\/p>\n","protected":false},"author":1,"featured_media":0,"parent":0,"menu_order":0,"comment_status":"open","ping_status":"open","template":"","meta":{"footnotes":""},"_links":{"self":[{"href":"https:\/\/www.clubotaku.org\/niji\/wp-json\/wp\/v2\/pages\/14530"}],"collection":[{"href":"https:\/\/www.clubotaku.org\/niji\/wp-json\/wp\/v2\/pages"}],"about":[{"href":"https:\/\/www.clubotaku.org\/niji\/wp-json\/wp\/v2\/types\/page"}],"author":[{"embeddable":true,"href":"https:\/\/www.clubotaku.org\/niji\/wp-json\/wp\/v2\/users\/1"}],"replies":[{"embeddable":true,"href":"https:\/\/www.clubotaku.org\/niji\/wp-json\/wp\/v2\/comments?post=14530"}],"version-history":[{"count":0,"href":"https:\/\/www.clubotaku.org\/niji\/wp-json\/wp\/v2\/pages\/14530\/revisions"}],"wp:attachment":[{"href":"https:\/\/www.clubotaku.org\/niji\/wp-json\/wp\/v2\/media?parent=14530"}],"curies":[{"name":"wp","href":"https:\/\/api.w.org\/{rel}","templated":true}]}}